{"id":42,"date":"2022-12-11T22:02:31","date_gmt":"2022-12-11T21:02:31","guid":{"rendered":"http:\/\/www.lacantarellaarras.fr\/?page_id=42"},"modified":"2023-03-09T19:59:42","modified_gmt":"2023-03-09T18:59:42","slug":"actus-et-concerts","status":"publish","type":"page","link":"http:\/\/www.lacantarellaarras.fr\/","title":{"rendered":"Actus et Concerts"},"content":{"rendered":"\n<h2 class=\"wp-block-heading\">Stabat Mater de Cl\u00e9mence de Grandval le 26 mars 2023 \u00e0 16H \u00e0 Arras en l\u2019\u00e9glise Notre Dame des Ardents<\/h2>\n\n\n\n<p class=\"has-text-align-left\">L\u2019\u0153uvre principale de ce concert est le STABAT MATER compos\u00e9 au 19 e &nbsp;si\u00e8cle par une femme,&nbsp;Cl\u00e9mence de Grandval&nbsp;(1828-1907). Jamais enregistr\u00e9e, l\u2019\u0153uvre de cette compositrice sera interpr\u00e9t\u00e9e par notre ch\u0153ur et 4 solistes, accompagn\u00e9s \u00e0 l\u2019orgue et au piano. Au programme&nbsp;: Le Stabat Mater de Joseph Rheinberger (1839-1901) et de petites \u0153uvres de compositrices contemporaines, Lili et Nadia Boulanger et Mel Bonis&nbsp;: un programme qui fait une place d\u2019honneur, une fois n\u2019est pas coutume, aux compositrices du 19 \u00e8me et 20 \u00e8me si\u00e8cle.<\/p>\n\n\n\n<div class=\"wp-block-group is-horizontal is-content-justification-left is-nowrap is-layout-flex wp-container-core-group-is-layout-ea859104 wp-block-group-is-layout-flex\" style=\"padding-top:0;padding-right:0;padding-bottom:0;padding-left:0\">\n<figure class=\"wp-block-image size-thumbnail is-resized\"><img loading=\"lazy\" decoding=\"async\" src=\"http:\/\/www.lacantarellaarras.fr\/wp-content\/uploads\/2023\/02\/qrcode-Stabat-Mater-de-Grandval-150x150.png\" alt=\"\" class=\"wp-image-109\" width=\"327\" height=\"327\" srcset=\"http:\/\/www.lacantarellaarras.fr\/wp-content\/uploads\/2023\/02\/qrcode-Stabat-Mater-de-Grandval-150x150.png 150w, http:\/\/www.lacantarellaarras.fr\/wp-content\/uploads\/2023\/02\/qrcode-Stabat-Mater-de-Grandval-300x300.png 300w, http:\/\/www.lacantarellaarras.fr\/wp-content\/uploads\/2023\/02\/qrcode-Stabat-Mater-de-Grandval.png 600w\" sizes=\"auto, (max-width: 327px) 100vw, 327px\" \/><\/figure>\n\n\n\n<p class=\"has-text-align-center has-medium-font-size\" style=\"padding-top:0;padding-right:0;padding-bottom:0;padding-left:0\">Les pr\u00e9-ventes \u00e0 8\u20ac se feront via le site Helloasso, accessible via le QR-Code \u00e0 gauche ou le bouton \u00e0 droite<\/p>\n\n\n\n<div class=\"wp-block-buttons has-custom-font-size has-medium-font-size is-content-justification-space-between is-layout-flex wp-container-core-buttons-is-layout-b2891da8 wp-block-buttons-is-layout-flex\">\n<div class=\"wp-block-button has-custom-width wp-block-button__width-100 has-custom-font-size is-style-fill has-medium-font-size\"><a class=\"wp-block-button__link has-ast-global-color-5-color has-luminous-dusk-gradient-background has-text-color has-background wp-element-button\" href=\"https:\/\/www.helloasso.com\/associations\/la-cantarella\/evenements\/stabat-mater-clemence-de-grandval-26-mars-23\" style=\"border-radius:65px;padding-top:var(--wp--preset--spacing--30);padding-right:var(--wp--preset--spacing--30);padding-bottom:var(--wp--preset--spacing--30);padding-left:var(--wp--preset--spacing--30)\" target=\"_blank\" rel=\"noreferrer noopener\">R\u00e9servation Helloasso<\/a><\/div>\n<\/div>\n\n\n\n<div class=\"wp-block-buttons is-layout-flex wp-block-buttons-is-layout-flex\"><\/div>\n<\/div>\n\n\n\n<figure class=\"wp-block-image size-large is-resized is-style-default\"><img loading=\"lazy\" decoding=\"async\" src=\"http:\/\/www.lacantarellaarras.fr\/wp-content\/uploads\/2023\/03\/AFFICHE-reduite-concert-26-03-2023-556x789.jpg\" alt=\"\" class=\"wp-image-122\" width=\"893\" height=\"1267\"\/><\/figure>\n\n\n\n<div class=\"wp-block-columns is-layout-flex wp-container-core-columns-is-layout-28f84493 wp-block-columns-is-layout-flex\">\n<div class=\"wp-block-column is-layout-flow wp-block-column-is-layout-flow\" style=\"flex-basis:66.66%\"><\/div>\n\n\n\n<div class=\"wp-block-column is-layout-flow wp-block-column-is-layout-flow\" style=\"flex-basis:33.33%\"><\/div>\n<\/div>\n","protected":false},"excerpt":{"rendered":"<p>Stabat Mater de Cl\u00e9mence de Grandval le 26 mars 2023 \u00e0 16H \u00e0 Arras en l\u2019\u00e9glise Notre Dame des Ardents L\u2019\u0153uvre principale de ce concert est le STABAT MATER compos\u00e9 au 19 e &nbsp;si\u00e8cle par une femme,&nbsp;Cl\u00e9mence de Grandval&nbsp;(1828-1907). Jamais enregistr\u00e9e, l\u2019\u0153uvre de cette compositrice sera interpr\u00e9t\u00e9e par notre ch\u0153ur et 4 solistes, accompagn\u00e9s \u00e0 &hellip;<\/p>\n<p class=\"read-more\"> <a class=\"\" href=\"http:\/\/www.lacantarellaarras.fr\/\"> <span class=\"screen-reader-text\">Actus et Concerts<\/span> Lire la suite\u00a0\u00bb<\/a><\/p>\n","protected":false},"author":1,"featured_media":0,"parent":0,"menu_order":0,"comment_status":"closed","ping_status":"closed","template":"","meta":{"site-sidebar-layout":"default","site-content-layout":"default","ast-global-header-display":"","ast-main-header-display":"","ast-hfb-above-header-display":"","ast-hfb-below-header-display":"","ast-hfb-mobile-header-display":"","site-post-title":"","ast-breadcrumbs-content":"","ast-featured-img":"","footer-sml-layout":"","theme-transparent-header-meta":"","adv-header-id-meta":"","stick-header-meta":"","header-above-stick-meta":"","header-main-stick-meta":"","header-below-stick-meta":"","footnotes":""},"class_list":["post-42","page","type-page","status-publish","hentry"],"_links":{"self":[{"href":"http:\/\/www.lacantarellaarras.fr\/index.php?rest_route=\/wp\/v2\/pages\/42","targetHints":{"allow":["GET"]}}],"collection":[{"href":"http:\/\/www.lacantarellaarras.fr\/index.php?rest_route=\/wp\/v2\/pages"}],"about":[{"href":"http:\/\/www.lacantarellaarras.fr\/index.php?rest_route=\/wp\/v2\/types\/page"}],"author":[{"embeddable":true,"href":"http:\/\/www.lacantarellaarras.fr\/index.php?rest_route=\/wp\/v2\/users\/1"}],"replies":[{"embeddable":true,"href":"http:\/\/www.lacantarellaarras.fr\/index.php?rest_route=%2Fwp%2Fv2%2Fcomments&post=42"}],"version-history":[{"count":15,"href":"http:\/\/www.lacantarellaarras.fr\/index.php?rest_route=\/wp\/v2\/pages\/42\/revisions"}],"predecessor-version":[{"id":123,"href":"http:\/\/www.lacantarellaarras.fr\/index.php?rest_route=\/wp\/v2\/pages\/42\/revisions\/123"}],"wp:attachment":[{"href":"http:\/\/www.lacantarellaarras.fr\/index.php?rest_route=%2Fwp%2Fv2%2Fmedia&parent=42"}],"curies":[{"name":"wp","href":"https:\/\/api.w.org\/{rel}","templated":true}]}}